{"id":112,"date":"2022-05-08T00:49:07","date_gmt":"2022-05-08T00:49:07","guid":{"rendered":"https:\/\/petitaxi.com\/?page_id=112"},"modified":"2022-05-08T00:49:07","modified_gmt":"2022-05-08T00:49:07","slug":"job-dashboard","status":"publish","type":"page","link":"https:\/\/petitaxi.com\/fr\/job-dashboard\/","title":{"rendered":"Job Dashboard"},"content":{"rendered":"<div id=\"job-manager-job-dashboard\">\n\n\t<p class=\"account-sign-in\">Vous devez \u00eatre connect\u00e9 pour g\u00e9rer vos offres. <a class=\"button\" href=\"https:\/\/petitaxi.com\/wp-login.php?redirect_to=https%3A%2F%2Fpetitaxi.com%2Ffr%2Fjob-dashboard%2F\">Se connecter<\/a><\/p>\n\n<\/div>","protected":false},"excerpt":{"rendered":"Vous devez \u00eatre connect\u00e9 pour g\u00e9rer vos offres. Se connecter","protected":false},"author":1,"featured_media":0,"parent":0,"menu_order":0,"comment_status":"closed","ping_status":"closed","template":"","meta":{"nf_dc_page":"","footnotes":""},"class_list":["post-112","page","type-page","status-publish","hentry"],"yoast_head":"<!-- This site is optimized with the Yoast SEO plugin v27.6 - https:\/\/yoast.com\/product\/yoast-seo-wordpress\/ -->\n<title>Job Dashboard - PETITAXI<\/title>\n<meta name=\"robots\" content=\"index, follow, max-snippet:-1, max-image-preview:large, max-video-preview:-1\" \/>\n<link rel=\"canonical\" href=\"https:\/\/petitaxi.com\/fr\/job-dashboard\/\" \/>\n<meta property=\"og:locale\" content=\"fr_FR\" \/>\n<meta property=\"og:type\" content=\"article\" \/>\n<meta property=\"og:title\" content=\"Job Dashboard - PETITAXI\" \/>\n<meta property=\"og:url\" content=\"https:\/\/petitaxi.com\/fr\/job-dashboard\/\" \/>\n<meta property=\"og:site_name\" content=\"PETITAXI\" \/>\n<meta name=\"twitter:card\" content=\"summary_large_image\" \/>\n<script type=\"application\/ld+json\" class=\"yoast-schema-graph\">{\"@context\":\"https:\\\/\\\/schema.org\",\"@graph\":[{\"@type\":\"WebPage\",\"@id\":\"https:\\\/\\\/petitaxi.com\\\/job-dashboard\\\/\",\"url\":\"https:\\\/\\\/petitaxi.com\\\/job-dashboard\\\/\",\"name\":\"Job Dashboard - PETITAXI\",\"isPartOf\":{\"@id\":\"https:\\\/\\\/petitaxi.com\\\/#website\"},\"datePublished\":\"2022-05-08T00:49:07+00:00\",\"breadcrumb\":{\"@id\":\"https:\\\/\\\/petitaxi.com\\\/job-dashboard\\\/#breadcrumb\"},\"inLanguage\":\"fr-FR\",\"potentialAction\":[{\"@type\":\"ReadAction\",\"target\":[\"https:\\\/\\\/petitaxi.com\\\/job-dashboard\\\/\"]}]},{\"@type\":\"BreadcrumbList\",\"@id\":\"https:\\\/\\\/petitaxi.com\\\/job-dashboard\\\/#breadcrumb\",\"itemListElement\":[{\"@type\":\"ListItem\",\"position\":1,\"name\":\"Home\",\"item\":\"https:\\\/\\\/petitaxi.com\\\/\"},{\"@type\":\"ListItem\",\"position\":2,\"name\":\"Job Dashboard\"}]},{\"@type\":\"WebSite\",\"@id\":\"https:\\\/\\\/petitaxi.com\\\/#website\",\"url\":\"https:\\\/\\\/petitaxi.com\\\/\",\"name\":\"PETITAXI\",\"description\":\"PETITAXI\",\"potentialAction\":[{\"@type\":\"SearchAction\",\"target\":{\"@type\":\"EntryPoint\",\"urlTemplate\":\"https:\\\/\\\/petitaxi.com\\\/?s={search_term_string}\"},\"query-input\":{\"@type\":\"PropertyValueSpecification\",\"valueRequired\":true,\"valueName\":\"search_term_string\"}}],\"inLanguage\":\"fr-FR\"}]}<\/script>\n<!-- \/ Yoast SEO plugin. -->","yoast_head_json":{"title":"Job Dashboard - PETITAXI","robots":{"index":"index","follow":"follow","max-snippet":"max-snippet:-1","max-image-preview":"max-image-preview:large","max-video-preview":"max-video-preview:-1"},"canonical":"https:\/\/petitaxi.com\/fr\/job-dashboard\/","og_locale":"fr_FR","og_type":"article","og_title":"Job Dashboard - PETITAXI","og_url":"https:\/\/petitaxi.com\/fr\/job-dashboard\/","og_site_name":"PETITAXI","twitter_card":"summary_large_image","schema":{"@context":"https:\/\/schema.org","@graph":[{"@type":"WebPage","@id":"https:\/\/petitaxi.com\/job-dashboard\/","url":"https:\/\/petitaxi.com\/job-dashboard\/","name":"Job Dashboard - PETITAXI","isPartOf":{"@id":"https:\/\/petitaxi.com\/#website"},"datePublished":"2022-05-08T00:49:07+00:00","breadcrumb":{"@id":"https:\/\/petitaxi.com\/job-dashboard\/#breadcrumb"},"inLanguage":"fr-FR","potentialAction":[{"@type":"ReadAction","target":["https:\/\/petitaxi.com\/job-dashboard\/"]}]},{"@type":"BreadcrumbList","@id":"https:\/\/petitaxi.com\/job-dashboard\/#breadcrumb","itemListElement":[{"@type":"ListItem","position":1,"name":"Home","item":"https:\/\/petitaxi.com\/"},{"@type":"ListItem","position":2,"name":"Job Dashboard"}]},{"@type":"WebSite","@id":"https:\/\/petitaxi.com\/#website","url":"https:\/\/petitaxi.com\/","name":"PETITAXI","description":"PETITAXI","potentialAction":[{"@type":"SearchAction","target":{"@type":"EntryPoint","urlTemplate":"https:\/\/petitaxi.com\/?s={search_term_string}"},"query-input":{"@type":"PropertyValueSpecification","valueRequired":true,"valueName":"search_term_string"}}],"inLanguage":"fr-FR"}]}},"jetpack_sharing_enabled":true,"_links":{"self":[{"href":"https:\/\/petitaxi.com\/fr\/wp-json\/wp\/v2\/pages\/112","targetHints":{"allow":["GET"]}}],"collection":[{"href":"https:\/\/petitaxi.com\/fr\/wp-json\/wp\/v2\/pages"}],"about":[{"href":"https:\/\/petitaxi.com\/fr\/wp-json\/wp\/v2\/types\/page"}],"author":[{"embeddable":true,"href":"https:\/\/petitaxi.com\/fr\/wp-json\/wp\/v2\/users\/1"}],"replies":[{"embeddable":true,"href":"https:\/\/petitaxi.com\/fr\/wp-json\/wp\/v2\/comments?post=112"}],"version-history":[{"count":0,"href":"https:\/\/petitaxi.com\/fr\/wp-json\/wp\/v2\/pages\/112\/revisions"}],"wp:attachment":[{"href":"https:\/\/petitaxi.com\/fr\/wp-json\/wp\/v2\/media?parent=112"}],"curies":[{"name":"wp","href":"https:\/\/api.w.org\/{rel}","templated":true}]}}