{"id":111,"date":"2022-05-08T00:49:06","date_gmt":"2022-05-08T00:49:06","guid":{"rendered":"https:\/\/petitaxi.com\/?page_id=111"},"modified":"2022-05-08T00:49:06","modified_gmt":"2022-05-08T00:49:06","slug":"publier-une-annonce","status":"publish","type":"page","link":"https:\/\/petitaxi.com\/fr\/publier-une-annonce\/","title":{"rendered":"Publier une annonce"},"content":{"rendered":"<form action=\"\/fr\/wp-json\/wp\/v2\/pages\/111\" method=\"post\" id=\"submit-job-form\" class=\"job-manager-form\" enctype=\"multipart\/form-data\" data-trp-original-action=\"\/fr\/wp-json\/wp\/v2\/pages\/111\">\n\n\t\n\t<style>div.chosen-container { display: inline-block !important; } .jmfe-chosen-select-field.select2-hidden-accessible + span.select2, #job_region.select2-hidden-accessible + span.select2, #resume_region.select2-hidden-accessible + span.select2 { display: none; }<\/style>\n\t\n\t\t\t<fieldset class=\"fieldset-login_required\">\n\t\t<label>Avez-vous d\u00e9j\u00e0 un compte\u00a0?<\/label>\n\t\t<div class=\"field account-sign-in\">\n\t\t\t<a class=\"button\" href=\"https:\/\/petitaxi.com\/wp-login.php?redirect_to=https%3A%2F%2Fpetitaxi.com%2Ffr%2Fpublier-une-annonce%2F\">Se connecter<\/a>\n\n\t\t\t\n\t\t\t\tSi vous n\u2019avez pas encore de compte vous pouvez en cr\u00e9er un ci-dessous en saisissant votre adresse e-mail ou identifiant.\t\t\t\t\n\t\t\t\t\t<\/div>\n\t<\/fieldset>\n\t\t\t\t<fieldset class=\"fieldset-create_account_email\">\n\t\t\t\t<label\n\t\t\t\t\tfor=\"create_account_email\">Votre adresse e-mail<\/label>\n\t\t\t\t<div class=\"field required-field draft-required\">\n\t\t\t\t\t<input type=\"text\" class=\"jmfe-text-field jmfe-input-text input-text text-create_account_email\" name=\"create_account_email\" id=\"create_account_email\" title=\"\"  placeholder=\"you@yourdomain.com\" value=\"\"  required \/>\n\t\t\t\t<\/div>\n\t\t\t<\/fieldset>\n\t\t\t\t\t\t<fieldset class=\"fieldset-create_account_password\">\n\t\t\t\t<label\n\t\t\t\t\tfor=\"create_account_password\">Mot de passe<\/label>\n\t\t\t\t<div class=\"field required-field draft-required\">\n\t\t\t\t\t<input type=\"password\" class=\"input-text\" autocomplete=\"off\" name=\"create_account_password\" id=\"create_account_password\" placeholder=\"\" value=\"\" maxlength=\"\" required \/>\n<small class=\"description\">Les mots de passe doivent comporter au moins 8 caract\u00e8res.<\/small>\t\t\t\t<\/div>\n\t\t\t<\/fieldset>\n\t\t\t\t\t\t<fieldset class=\"fieldset-create_account_password_verify\">\n\t\t\t\t<label\n\t\t\t\t\tfor=\"create_account_password_verify\">V\u00e9rifier le mot de passe<\/label>\n\t\t\t\t<div class=\"field required-field draft-required\">\n\t\t\t\t\t<input type=\"password\" class=\"input-text\" autocomplete=\"off\" name=\"create_account_password_verify\" id=\"create_account_password_verify\" placeholder=\"\" value=\"\" maxlength=\"\" required \/>\n\t\t\t\t<\/div>\n\t\t\t<\/fieldset>\n\t\t\t\n\t\n\t\n\t\t<!-- Job Information Fields -->\n\t\t\n\t\t\t\t\t<fieldset class=\"fieldset-job_title fieldset-type-text\">\n\t\t\t\t<label for=\"job_title\">Nom de l\u2019offre d\u2019emploi<\/label>\n\t\t\t\t<div class=\"field required-field\">\n\t\t\t\t\t<input type=\"text\" class=\"jmfe-text-field jmfe-input-text input-text text-job_title\" name=\"job_title\" id=\"job_title\" title=\"\"  placeholder=\"\" value=\"\"  required \/>\n\t\t\t\t<\/div>\n\t\t\t<\/fieldset>\n\t\t\t\t\t<fieldset class=\"fieldset-job_location fieldset-type-text\">\n\t\t\t\t<label for=\"job_location\">Localisation <small>(optionnel)<\/small><\/label>\n\t\t\t\t<div class=\"field\">\n\t\t\t\t\t<input type=\"text\" class=\"jmfe-text-field jmfe-input-text input-text text-job_location\" name=\"job_location\" id=\"job_location\" title=\"\"  placeholder=\"Par exemple \u00ab\u00a0Paris\u00a0\u00bb\" value=\"\"   \/>\n<small class=\"description text-job_location-description\">Laissez vide si l\u2019offre peut \u00eatre pourvue depuis n\u2019importe o\u00f9 (ex\u00a0: t\u00e9l\u00e9travail)<\/small>\t\t\t\t<\/div>\n\t\t\t<\/fieldset>\n\t\t\t\t\t<fieldset class=\"fieldset-remote_position fieldset-type-checkbox\">\n\t\t\t\t<label for=\"remote_position\">Emploi en distanciel <small>(optionnel)<\/small><\/label>\n\t\t\t\t<div class=\"field\">\n\t\t\t\t\t<input type=\"checkbox\" class=\"input-checkbox\" name=\"remote_position\" id=\"remote_position\"  value=\"1\"  \/>\n<small class=\"description\">S\u00e9lectionnez ceci si le poste est en distanciel.<\/small>\t\t\t\t<\/div>\n\t\t\t<\/fieldset>\n\t\t\t\t\t<fieldset class=\"fieldset-job_type fieldset-type-term-select\">\n\t\t\t\t<label for=\"job_type\">Type d\u2019offre d\u2019emploi<\/label>\n\t\t\t\t<div class=\"field required-field\">\n\t\t\t\t\t<select required name='job_type' id='job_type' class='job-manager-category-dropdown jmfe-chosen-select-field jmfe-required-chosen'>\n\t<option value=''>Choisir le type d\u2019offre d\u2019emploi&hellip;<\/option>\n\t<option class=\"level-0\" value=\"12\">GRAND TAXI<\/option>\n\t<option class=\"level-0\" value=\"11\">PETIT TAXI<\/option>\n<\/select>\n\t\t\t\t<\/div>\n\t\t\t<\/fieldset>\n\t\t\t\t\t<fieldset class=\"fieldset-job_description fieldset-type-wp-editor\">\n\t\t\t\t<label for=\"job_description\">Description<\/label>\n\t\t\t\t<div class=\"field required-field\">\n\t\t\t\t\t<div id=\"wp-job_description-wrap\" class=\"wp-core-ui wp-editor-wrap tmce-active\"><link rel='stylesheet' id='dashicons-css' href='https:\/\/petitaxi.com\/wp-includes\/css\/dashicons.min.css?ver=6.9.4' type='text\/css' media='all' \/>\n<link rel='stylesheet' id='editor-buttons-css' href='https:\/\/petitaxi.com\/wp-includes\/css\/editor.min.css?ver=6.9.4' type='text\/css' media='all' \/>\n<div id=\"wp-job_description-editor-container\" class=\"wp-editor-container\"><textarea class=\"jmfe-add-required-attr wp-editor-area\" rows=\"8\" autocomplete=\"off\" cols=\"40\" name=\"job_description\" id=\"job_description\"><\/textarea><\/div>\n<\/div>\n\n\t\t\t\t<\/div>\n\t\t\t<\/fieldset>\n\t\t\t\t\t<fieldset class=\"fieldset-application fieldset-type-text\">\n\t\t\t\t<label for=\"application\">Courriel de candidature<\/label>\n\t\t\t\t<div class=\"field required-field\">\n\t\t\t\t\t<input type=\"text\" class=\"jmfe-text-field jmfe-input-text input-text text-application\" name=\"application\" id=\"application\" title=\"\"  placeholder=\"vous@exemple.com\" value=\"\"  required \/>\n\t\t\t\t<\/div>\n\t\t\t<\/fieldset>\n\t\t\n\t\t\n\t\t<!-- Company Information Fields -->\n\t\t\t\t\t<h2>D\u00e9tail de l\u2019entreprise\/organisation<\/h2>\n\n\t\t\t\n\t\t\t\t\t\t\t<fieldset class=\"fieldset-company_name fieldset-type-text\">\n\t\t\t\t\t<label for=\"company_name\">Nom de l\u2019entreprise<\/label>\n\t\t\t\t\t<div class=\"field required-field\">\n\t\t\t\t\t\t<input type=\"text\" class=\"jmfe-text-field jmfe-input-text input-text text-company_name\" name=\"company_name\" id=\"company_name\" title=\"\"  placeholder=\"Saisir le nom de l\u2019entreprise\" value=\"\"  required \/>\n\t\t\t\t\t<\/div>\n\t\t\t\t<\/fieldset>\n\t\t\t\t\t\t\t<fieldset class=\"fieldset-company_website fieldset-type-text\">\n\t\t\t\t\t<label for=\"company_website\">Site <small>(optionnel)<\/small><\/label>\n\t\t\t\t\t<div class=\"field\">\n\t\t\t\t\t\t<input type=\"text\" class=\"jmfe-text-field jmfe-input-text input-text text-company_website\" name=\"company_website\" id=\"company_website\" title=\"\"  placeholder=\"http:\/\/\" value=\"\"   \/>\n\t\t\t\t\t<\/div>\n\t\t\t\t<\/fieldset>\n\t\t\t\t\t\t\t<fieldset class=\"fieldset-company_tagline fieldset-type-text\">\n\t\t\t\t\t<label for=\"company_tagline\">Slogan <small>(optionnel)<\/small><\/label>\n\t\t\t\t\t<div class=\"field\">\n\t\t\t\t\t\t<input type=\"text\" class=\"jmfe-text-field jmfe-input-text input-text text-company_tagline\" name=\"company_tagline\" id=\"company_tagline\" title=\"\"  placeholder=\"D\u00e9crire rapidement l\u2019entreprise\" value=\"\" maxlength=\"64\"  \/>\n\t\t\t\t\t<\/div>\n\t\t\t\t<\/fieldset>\n\t\t\t\t\t\t\t<fieldset class=\"fieldset-company_video fieldset-type-text\">\n\t\t\t\t\t<label for=\"company_video\">Vid\u00e9o <small>(optionnel)<\/small><\/label>\n\t\t\t\t\t<div class=\"field\">\n\t\t\t\t\t\t<input type=\"text\" class=\"jmfe-text-field jmfe-input-text input-text text-company_video\" name=\"company_video\" id=\"company_video\" title=\"\"  placeholder=\"Lien vers une vid\u00e9o pr\u00e9sentant votre soci\u00e9t\u00e9\" value=\"\"   \/>\n\t\t\t\t\t<\/div>\n\t\t\t\t<\/fieldset>\n\t\t\t\t\t\t\t<fieldset class=\"fieldset-company_twitter fieldset-type-text\">\n\t\t\t\t\t<label for=\"company_twitter\">X \/ Twitter username <small>(optionnel)<\/small><\/label>\n\t\t\t\t\t<div class=\"field\">\n\t\t\t\t\t\t<input type=\"text\" class=\"jmfe-text-field jmfe-input-text input-text text-company_twitter\" name=\"company_twitter\" id=\"company_twitter\" title=\"\"  placeholder=\"@votreentreprise\" value=\"\"   \/>\n\t\t\t\t\t<\/div>\n\t\t\t\t<\/fieldset>\n\t\t\t\t\t\t\t<fieldset class=\"fieldset-company_logo fieldset-type-file\">\n\t\t\t\t\t<label for=\"company_logo\">Logo <small>(optionnel)<\/small><\/label>\n\t\t\t\t\t<div class=\"field\">\n\t\t\t\t\t\t\n<div class=\"job-manager-uploaded-files\">\n\t<\/div>\n<input type=\"file\" class=\"input-text file-company_logo\" data-file_types=\"jpg|jpeg|gif|png|webp\"  name=\"company_logo\" id=\"company_logo\" placeholder=\"\" \/>\n<small class=\"description\">\n\t\t\t\t\tMaximum file size: 512 Mo.\t\t\t<\/small>\n\t\t\t\t\t<\/div>\n\t\t\t\t<\/fieldset>\n\t\t\t\n\t\t\t\t\t\n\t\t\n\t\t<p>\n\t\t\t<input type=\"hidden\" name=\"job_manager_form\" value=\"submit-job\" \/>\n\t\t\t<input type=\"hidden\" name=\"job_id\" value=\"0\" \/>\n\t\t\t<input type=\"hidden\" name=\"step\" value=\"0\" \/>\n\t\t\t<input type=\"submit\" name=\"submit_job\" class=\"button\"\n    \t\t value=\"Pr\u00e9visualiser\" \/>\n\t\t\t<input type=\"submit\" name=\"save_draft\" class=\"button secondary save_draft\" value=\"Enregistrer le brouillon\" formnovalidate \/>\t\t\t<span class=\"spinner\" style=\"background-image: url(https:\/\/petitaxi.com\/wp-includes\/images\/spinner.gif);\"><\/span>\n\t\t<\/p>\n\n\t<input type=\"hidden\" name=\"trp-form-language\" value=\"fr\"\/><\/form>","protected":false},"excerpt":{"rendered":"Avez-vous d\u00e9j\u00e0 un compte\u00a0? Se connecter Si vous n\u2019avez pas encore de compte vous pouvez en cr\u00e9er un ci-dessous en saisissant votre adresse e-mail ou identifiant.<span class=\"excerpt-hellip\"> [\u2026]<\/span>","protected":false},"author":1,"featured_media":0,"parent":0,"menu_order":0,"comment_status":"closed","ping_status":"closed","template":"","meta":{"nf_dc_page":"","footnotes":""},"class_list":["post-111","page","type-page","status-publish","hentry"],"yoast_head":"<!-- This site is optimized with the Yoast SEO plugin v27.6 - https:\/\/yoast.com\/product\/yoast-seo-wordpress\/ -->\n<title>Publier une annonce - PETITAXI<\/title>\n<meta name=\"robots\" content=\"index, follow, max-snippet:-1, max-image-preview:large, max-video-preview:-1\" \/>\n<link rel=\"canonical\" href=\"https:\/\/petitaxi.com\/fr\/publier-une-annonce\/\" \/>\n<meta property=\"og:locale\" content=\"fr_FR\" \/>\n<meta property=\"og:type\" content=\"article\" \/>\n<meta property=\"og:title\" content=\"Publier une annonce - PETITAXI\" \/>\n<meta property=\"og:url\" content=\"https:\/\/petitaxi.com\/fr\/publier-une-annonce\/\" \/>\n<meta property=\"og:site_name\" content=\"PETITAXI\" \/>\n<meta name=\"twitter:card\" content=\"summary_large_image\" \/>\n<script type=\"application\/ld+json\" class=\"yoast-schema-graph\">{\"@context\":\"https:\\\/\\\/schema.org\",\"@graph\":[{\"@type\":\"WebPage\",\"@id\":\"https:\\\/\\\/petitaxi.com\\\/publier-une-annonce\\\/\",\"url\":\"https:\\\/\\\/petitaxi.com\\\/publier-une-annonce\\\/\",\"name\":\"Publier une annonce - PETITAXI\",\"isPartOf\":{\"@id\":\"https:\\\/\\\/petitaxi.com\\\/#website\"},\"datePublished\":\"2022-05-08T00:49:06+00:00\",\"breadcrumb\":{\"@id\":\"https:\\\/\\\/petitaxi.com\\\/publier-une-annonce\\\/#breadcrumb\"},\"inLanguage\":\"fr-FR\",\"potentialAction\":[{\"@type\":\"ReadAction\",\"target\":[\"https:\\\/\\\/petitaxi.com\\\/publier-une-annonce\\\/\"]}]},{\"@type\":\"BreadcrumbList\",\"@id\":\"https:\\\/\\\/petitaxi.com\\\/publier-une-annonce\\\/#breadcrumb\",\"itemListElement\":[{\"@type\":\"ListItem\",\"position\":1,\"name\":\"Home\",\"item\":\"https:\\\/\\\/petitaxi.com\\\/\"},{\"@type\":\"ListItem\",\"position\":2,\"name\":\"Publier une annonce\"}]},{\"@type\":\"WebSite\",\"@id\":\"https:\\\/\\\/petitaxi.com\\\/#website\",\"url\":\"https:\\\/\\\/petitaxi.com\\\/\",\"name\":\"PETITAXI\",\"description\":\"PETITAXI\",\"potentialAction\":[{\"@type\":\"SearchAction\",\"target\":{\"@type\":\"EntryPoint\",\"urlTemplate\":\"https:\\\/\\\/petitaxi.com\\\/?s={search_term_string}\"},\"query-input\":{\"@type\":\"PropertyValueSpecification\",\"valueRequired\":true,\"valueName\":\"search_term_string\"}}],\"inLanguage\":\"fr-FR\"}]}<\/script>\n<!-- \/ Yoast SEO plugin. -->","yoast_head_json":{"title":"Publier une annonce - PETITAXI","robots":{"index":"index","follow":"follow","max-snippet":"max-snippet:-1","max-image-preview":"max-image-preview:large","max-video-preview":"max-video-preview:-1"},"canonical":"https:\/\/petitaxi.com\/fr\/publier-une-annonce\/","og_locale":"fr_FR","og_type":"article","og_title":"Publier une annonce - PETITAXI","og_url":"https:\/\/petitaxi.com\/fr\/publier-une-annonce\/","og_site_name":"PETITAXI","twitter_card":"summary_large_image","schema":{"@context":"https:\/\/schema.org","@graph":[{"@type":"WebPage","@id":"https:\/\/petitaxi.com\/publier-une-annonce\/","url":"https:\/\/petitaxi.com\/publier-une-annonce\/","name":"Publier une annonce - PETITAXI","isPartOf":{"@id":"https:\/\/petitaxi.com\/#website"},"datePublished":"2022-05-08T00:49:06+00:00","breadcrumb":{"@id":"https:\/\/petitaxi.com\/publier-une-annonce\/#breadcrumb"},"inLanguage":"fr-FR","potentialAction":[{"@type":"ReadAction","target":["https:\/\/petitaxi.com\/publier-une-annonce\/"]}]},{"@type":"BreadcrumbList","@id":"https:\/\/petitaxi.com\/publier-une-annonce\/#breadcrumb","itemListElement":[{"@type":"ListItem","position":1,"name":"Home","item":"https:\/\/petitaxi.com\/"},{"@type":"ListItem","position":2,"name":"Publier une annonce"}]},{"@type":"WebSite","@id":"https:\/\/petitaxi.com\/#website","url":"https:\/\/petitaxi.com\/","name":"PETITAXI","description":"PETITAXI","potentialAction":[{"@type":"SearchAction","target":{"@type":"EntryPoint","urlTemplate":"https:\/\/petitaxi.com\/?s={search_term_string}"},"query-input":{"@type":"PropertyValueSpecification","valueRequired":true,"valueName":"search_term_string"}}],"inLanguage":"fr-FR"}]}},"jetpack_sharing_enabled":true,"_links":{"self":[{"href":"https:\/\/petitaxi.com\/fr\/wp-json\/wp\/v2\/pages\/111","targetHints":{"allow":["GET"]}}],"collection":[{"href":"https:\/\/petitaxi.com\/fr\/wp-json\/wp\/v2\/pages"}],"about":[{"href":"https:\/\/petitaxi.com\/fr\/wp-json\/wp\/v2\/types\/page"}],"author":[{"embeddable":true,"href":"https:\/\/petitaxi.com\/fr\/wp-json\/wp\/v2\/users\/1"}],"replies":[{"embeddable":true,"href":"https:\/\/petitaxi.com\/fr\/wp-json\/wp\/v2\/comments?post=111"}],"version-history":[{"count":0,"href":"https:\/\/petitaxi.com\/fr\/wp-json\/wp\/v2\/pages\/111\/revisions"}],"wp:attachment":[{"href":"https:\/\/petitaxi.com\/fr\/wp-json\/wp\/v2\/media?parent=111"}],"curies":[{"name":"wp","href":"https:\/\/api.w.org\/{rel}","templated":true}]}}